{"id":2,"date":"2023-08-21T14:08:00","date_gmt":"2023-08-21T14:08:00","guid":{"rendered":"http:\/\/semanadamama.imm.medicina.ulisboa.pt\/?page_id=2"},"modified":"2024-10-15T09:18:12","modified_gmt":"2024-10-15T09:18:12","slug":"homepage","status":"publish","type":"page","link":"https:\/\/semanadamama.imm.medicina.ulisboa.pt\/","title":{"rendered":"Homepage"},"content":{"rendered":"\n<figure class=\"wp-block-image size-large\"><a href=\"https:\/\/semanadamama.gimm.pt\/en\/\"><img loading=\"lazy\" width=\"1024\" height=\"445\" src=\"http:\/\/semanadamama.imm.medicina.ulisboa.pt\/wp-content\/uploads\/sites\/39\/2024\/10\/alameda_Prancheta-1-1024x445.png\" alt=\"\" class=\"wp-image-227\" srcset=\"https:\/\/semanadamama.imm.medicina.ulisboa.pt\/wp-content\/uploads\/sites\/39\/2024\/10\/alameda_Prancheta-1-1024x445.png 1024w, https:\/\/semanadamama.imm.medicina.ulisboa.pt\/wp-content\/uploads\/sites\/39\/2024\/10\/alameda_Prancheta-1-300x130.png 300w, https:\/\/semanadamama.imm.medicina.ulisboa.pt\/wp-content\/uploads\/sites\/39\/2024\/10\/alameda_Prancheta-1-768x334.png 768w, https:\/\/semanadamama.imm.medicina.ulisboa.pt\/wp-content\/uploads\/sites\/39\/2024\/10\/alameda_Prancheta-1-1536x668.png 1536w, https:\/\/semanadamama.imm.medicina.ulisboa.pt\/wp-content\/uploads\/sites\/39\/2024\/10\/alameda_Prancheta-1-2048x891.png 2048w\" sizes=\"(max-width: 1024px) 100vw, 1024px\" \/><\/a><\/figure>\n\n\n\n<p>A <strong>Semana da Mama 2024<\/strong> j\u00e1 tem data para acontecer! Pode marcar na agenda: ser\u00e1 de <strong>15 a 19 de outubro<\/strong> que na Alameda da Universidade em Lisboa ir\u00e3o ocorrer diversos momentos \u00e0 volta do cancro da mama.<\/p>\n\n\n\n<p>Saiba todos os detalhes no nosso <a href=\"http:\/\/semanadamama.pt\">novo site.<\/a><\/p>\n\n\n\n<p class=\"has-text-align-center\">_______<\/p>\n\n\n\n<p><\/p>\n\n\n\n<p>A <strong>Semana da Mama 2023<\/strong> foi uma campanha de sensibiliza\u00e7\u00e3o para cancro da mama, desenhada pelo <a href=\"https:\/\/laco.imm.medicina.ulisboa.pt\/\" target=\"_blank\" rel=\"noreferrer noopener\">iMM-La\u00e7o Hub<\/a> e que teve como objetivo principal informar e alertar cada cidad\u00e3o para este tema, de uma forma direta e criativa, a par tamb\u00e9m do in\u00edcio do <a href=\"https:\/\/imm.medicina.ulisboa.pt\/inter_project\/imm-care\/#intro\" target=\"_blank\" rel=\"noreferrer noopener\">Centro de Excel\u00eancia iMM-CARE<\/a> em investiga\u00e7\u00e3o cl\u00ednica e translacional, que inclui uma miss\u00e3o com o objetivo de reduzir a incid\u00eancia e a mortalidade do cancro de mama metast\u00e1tico.<\/p>\n\n\n\n<p>Durante 7 dias &#8211; de 24 a 30 de novembro de 2023 &#8211; num espa\u00e7o montado para o efeito na Alameda da Universidade (em Lisboa), aconteceram palestras, conversas, exposi\u00e7\u00f5es e recolhas de amostras de sangue para o <a href=\"https:\/\/biobanco.imm.medicina.ulisboa.pt\/\" target=\"_blank\" rel=\"noreferrer noopener\">Biobanco-iMM CAML<\/a>, sempre com o tema central da sensibiliza\u00e7\u00e3o sobre o cancro da mama e para a investiga\u00e7\u00e3o cient\u00edfica.<\/p>\n\n\n\n<p>Obrigada a todos os que nos visitaram e que permitiram que este evento acontecesse.<\/p>\n\n\n\n<div class=\"wp-block-image\"><figure class=\"aligncenter size-large is-resized\"><img loading=\"lazy\" src=\"http:\/\/semanadamama.imm.medicina.ulisboa.pt\/wp-content\/uploads\/sites\/39\/2023\/09\/LOGO_GRANDE-1024x473.jpg\" alt=\"\" class=\"wp-image-80\" width=\"768\" height=\"355\" srcset=\"https:\/\/semanadamama.imm.medicina.ulisboa.pt\/wp-content\/uploads\/sites\/39\/2023\/09\/LOGO_GRANDE-1024x473.jpg 1024w, https:\/\/semanadamama.imm.medicina.ulisboa.pt\/wp-content\/uploads\/sites\/39\/2023\/09\/LOGO_GRANDE-300x138.jpg 300w, https:\/\/semanadamama.imm.medicina.ulisboa.pt\/wp-content\/uploads\/sites\/39\/2023\/09\/LOGO_GRANDE-768x354.jpg 768w, https:\/\/semanadamama.imm.medicina.ulisboa.pt\/wp-content\/uploads\/sites\/39\/2023\/09\/LOGO_GRANDE.jpg 1040w\" sizes=\"(max-width: 768px) 100vw, 768px\" \/><\/figure><\/div>\n","protected":false},"excerpt":{"rendered":"<p>A Semana da Mama 2024 j\u00e1 tem data para acontecer! Pode marcar na agenda: ser\u00e1 de 15 a 19 de outubro que na Alameda da Universidade em Lisboa ir\u00e3o ocorrer diversos momentos \u00e0 volta do cancro da mama. Saiba todos os detalhes no nosso novo site. _______ A Semana da Mama 2023 foi uma campanha &hellip; <a href=\"https:\/\/semanadamama.imm.medicina.ulisboa.pt\/\">Continued<\/a><\/p>\n","protected":false},"author":13,"featured_media":0,"parent":0,"menu_order":0,"comment_status":"closed","ping_status":"closed","template":"","meta":[],"yoast_head":"<!-- This site is optimized with the Yoast SEO plugin v17.4 - https:\/\/yoast.com\/wordpress\/plugins\/seo\/ -->\n<title>Homepage - Semana da Mama<\/title>\n<meta name=\"robots\" content=\"index, follow, max-snippet:-1, max-image-preview:large, max-video-preview:-1\" \/>\n<link rel=\"canonical\" href=\"https:\/\/semanadamama.imm.medicina.ulisboa.pt\/\" \/>\n<meta property=\"og:locale\" content=\"pt_PT\" \/>\n<meta property=\"og:type\" content=\"article\" \/>\n<meta property=\"og:title\" content=\"Homepage - Semana da Mama\" \/>\n<meta property=\"og:description\" content=\"A Semana da Mama 2024 j\u00e1 tem data para acontecer! Pode marcar na agenda: ser\u00e1 de 15 a 19 de outubro que na Alameda da Universidade em Lisboa ir\u00e3o ocorrer diversos momentos \u00e0 volta do cancro da mama. Saiba todos os detalhes no nosso novo site. _______ A Semana da Mama 2023 foi uma campanha &hellip; Continued\" \/>\n<meta property=\"og:url\" content=\"https:\/\/semanadamama.imm.medicina.ulisboa.pt\/\" \/>\n<meta property=\"og:site_name\" content=\"Semana da Mama\" \/>\n<meta property=\"article:modified_time\" content=\"2024-10-15T09:18:12+00:00\" \/>\n<meta property=\"og:image\" content=\"http:\/\/semanadamama.imm.medicina.ulisboa.pt\/wp-content\/uploads\/sites\/39\/2024\/10\/alameda_Prancheta-1-1024x445.png\" \/>\n<meta name=\"twitter:card\" content=\"summary_large_image\" \/>\n<meta name=\"twitter:label1\" content=\"Tempo estimado de leitura\" \/>\n\t<meta name=\"twitter:data1\" content=\"2 minutos\" \/>\n<script type=\"application\/ld+json\" class=\"yoast-schema-graph\">{\"@context\":\"https:\/\/schema.org\",\"@graph\":[{\"@type\":\"WebSite\",\"@id\":\"https:\/\/semanadamama.imm.medicina.ulisboa.pt\/en\/#website\",\"url\":\"https:\/\/semanadamama.imm.medicina.ulisboa.pt\/en\/\",\"name\":\"Semana da Mama\",\"description\":\"\",\"potentialAction\":[{\"@type\":\"SearchAction\",\"target\":{\"@type\":\"EntryPoint\",\"urlTemplate\":\"https:\/\/semanadamama.imm.medicina.ulisboa.pt\/en\/?s={search_term_string}\"},\"query-input\":\"required name=search_term_string\"}],\"inLanguage\":\"pt-PT\"},{\"@type\":\"ImageObject\",\"@id\":\"https:\/\/semanadamama.imm.medicina.ulisboa.pt\/#primaryimage\",\"inLanguage\":\"pt-PT\",\"url\":\"http:\/\/semanadamama.imm.medicina.ulisboa.pt\/wp-content\/uploads\/sites\/39\/2024\/10\/alameda_Prancheta-1-1024x445.png\",\"contentUrl\":\"http:\/\/semanadamama.imm.medicina.ulisboa.pt\/wp-content\/uploads\/sites\/39\/2024\/10\/alameda_Prancheta-1-1024x445.png\"},{\"@type\":\"WebPage\",\"@id\":\"https:\/\/semanadamama.imm.medicina.ulisboa.pt\/#webpage\",\"url\":\"https:\/\/semanadamama.imm.medicina.ulisboa.pt\/\",\"name\":\"Homepage - Semana da Mama\",\"isPartOf\":{\"@id\":\"https:\/\/semanadamama.imm.medicina.ulisboa.pt\/en\/#website\"},\"primaryImageOfPage\":{\"@id\":\"https:\/\/semanadamama.imm.medicina.ulisboa.pt\/#primaryimage\"},\"datePublished\":\"2023-08-21T14:08:00+00:00\",\"dateModified\":\"2024-10-15T09:18:12+00:00\",\"breadcrumb\":{\"@id\":\"https:\/\/semanadamama.imm.medicina.ulisboa.pt\/#breadcrumb\"},\"inLanguage\":\"pt-PT\",\"potentialAction\":[{\"@type\":\"ReadAction\",\"target\":[\"https:\/\/semanadamama.imm.medicina.ulisboa.pt\/\"]}]},{\"@type\":\"BreadcrumbList\",\"@id\":\"https:\/\/semanadamama.imm.medicina.ulisboa.pt\/#breadcrumb\",\"itemListElement\":[{\"@type\":\"ListItem\",\"position\":1,\"name\":\"In\\u00edcio\",\"item\":\"https:\/\/semanadamama.imm.medicina.ulisboa.pt\/\"},{\"@type\":\"ListItem\",\"position\":2,\"name\":\"Homepage\"}]}]}<\/script>\n<!-- \/ Yoast SEO plugin. -->","yoast_head_json":{"title":"Homepage - Semana da Mama","robots":{"index":"index","follow":"follow","max-snippet":"max-snippet:-1","max-image-preview":"max-image-preview:large","max-video-preview":"max-video-preview:-1"},"canonical":"https:\/\/semanadamama.imm.medicina.ulisboa.pt\/","og_locale":"pt_PT","og_type":"article","og_title":"Homepage - Semana da Mama","og_description":"A Semana da Mama 2024 j\u00e1 tem data para acontecer! Pode marcar na agenda: ser\u00e1 de 15 a 19 de outubro que na Alameda da Universidade em Lisboa ir\u00e3o ocorrer diversos momentos \u00e0 volta do cancro da mama. Saiba todos os detalhes no nosso novo site. _______ A Semana da Mama 2023 foi uma campanha &hellip; Continued","og_url":"https:\/\/semanadamama.imm.medicina.ulisboa.pt\/","og_site_name":"Semana da Mama","article_modified_time":"2024-10-15T09:18:12+00:00","og_image":[{"url":"http:\/\/semanadamama.imm.medicina.ulisboa.pt\/wp-content\/uploads\/sites\/39\/2024\/10\/alameda_Prancheta-1-1024x445.png"}],"twitter_card":"summary_large_image","twitter_misc":{"Tempo estimado de leitura":"2 minutos"},"schema":{"@context":"https:\/\/schema.org","@graph":[{"@type":"WebSite","@id":"https:\/\/semanadamama.imm.medicina.ulisboa.pt\/en\/#website","url":"https:\/\/semanadamama.imm.medicina.ulisboa.pt\/en\/","name":"Semana da Mama","description":"","potentialAction":[{"@type":"SearchAction","target":{"@type":"EntryPoint","urlTemplate":"https:\/\/semanadamama.imm.medicina.ulisboa.pt\/en\/?s={search_term_string}"},"query-input":"required name=search_term_string"}],"inLanguage":"pt-PT"},{"@type":"ImageObject","@id":"https:\/\/semanadamama.imm.medicina.ulisboa.pt\/#primaryimage","inLanguage":"pt-PT","url":"http:\/\/semanadamama.imm.medicina.ulisboa.pt\/wp-content\/uploads\/sites\/39\/2024\/10\/alameda_Prancheta-1-1024x445.png","contentUrl":"http:\/\/semanadamama.imm.medicina.ulisboa.pt\/wp-content\/uploads\/sites\/39\/2024\/10\/alameda_Prancheta-1-1024x445.png"},{"@type":"WebPage","@id":"https:\/\/semanadamama.imm.medicina.ulisboa.pt\/#webpage","url":"https:\/\/semanadamama.imm.medicina.ulisboa.pt\/","name":"Homepage - Semana da Mama","isPartOf":{"@id":"https:\/\/semanadamama.imm.medicina.ulisboa.pt\/en\/#website"},"primaryImageOfPage":{"@id":"https:\/\/semanadamama.imm.medicina.ulisboa.pt\/#primaryimage"},"datePublished":"2023-08-21T14:08:00+00:00","dateModified":"2024-10-15T09:18:12+00:00","breadcrumb":{"@id":"https:\/\/semanadamama.imm.medicina.ulisboa.pt\/#breadcrumb"},"inLanguage":"pt-PT","potentialAction":[{"@type":"ReadAction","target":["https:\/\/semanadamama.imm.medicina.ulisboa.pt\/"]}]},{"@type":"BreadcrumbList","@id":"https:\/\/semanadamama.imm.medicina.ulisboa.pt\/#breadcrumb","itemListElement":[{"@type":"ListItem","position":1,"name":"In\u00edcio","item":"https:\/\/semanadamama.imm.medicina.ulisboa.pt\/"},{"@type":"ListItem","position":2,"name":"Homepage"}]}]}},"_links":{"self":[{"href":"https:\/\/semanadamama.imm.medicina.ulisboa.pt\/en\/wp-json\/wp\/v2\/pages\/2"}],"collection":[{"href":"https:\/\/semanadamama.imm.medicina.ulisboa.pt\/en\/wp-json\/wp\/v2\/pages"}],"about":[{"href":"https:\/\/semanadamama.imm.medicina.ulisboa.pt\/en\/wp-json\/wp\/v2\/types\/page"}],"author":[{"embeddable":true,"href":"https:\/\/semanadamama.imm.medicina.ulisboa.pt\/en\/wp-json\/wp\/v2\/users\/13"}],"replies":[{"embeddable":true,"href":"https:\/\/semanadamama.imm.medicina.ulisboa.pt\/en\/wp-json\/wp\/v2\/comments?post=2"}],"version-history":[{"count":16,"href":"https:\/\/semanadamama.imm.medicina.ulisboa.pt\/en\/wp-json\/wp\/v2\/pages\/2\/revisions"}],"predecessor-version":[{"id":230,"href":"https:\/\/semanadamama.imm.medicina.ulisboa.pt\/en\/wp-json\/wp\/v2\/pages\/2\/revisions\/230"}],"wp:attachment":[{"href":"https:\/\/semanadamama.imm.medicina.ulisboa.pt\/en\/wp-json\/wp\/v2\/media?parent=2"}],"curies":[{"name":"wp","href":"https:\/\/api.w.org\/{rel}","templated":true}]}}